{"id":9,"date":"2021-01-13T15:04:57","date_gmt":"2021-01-13T15:04:57","guid":{"rendered":"https:\/\/bosvikgartneri.no\/?page_id=9"},"modified":"2021-02-03T12:33:06","modified_gmt":"2021-02-03T12:33:06","slug":"hjem","status":"publish","type":"page","link":"https:\/\/bosvikgartneri.no\/","title":{"rendered":"hjem"},"content":{"rendered":"<p>[et_pb_section fb_built=&#8221;1&#8243; _builder_version=&#8221;4.7.7&#8243; _module_preset=&#8221;default&#8221; custom_margin=&#8221;0px||0px||true|false&#8221; custom_padding=&#8221;0px||0px||true|false&#8221;][et_pb_row _builder_version=&#8221;4.7.7&#8243; _module_preset=&#8221;default&#8221;][et_pb_column type=&#8221;4_4&#8243; _builder_version=&#8221;4.7.7&#8243; _module_preset=&#8221;default&#8221;][et_pb_slider _builder_version=&#8221;4.7.7&#8243; _module_preset=&#8221;default&#8221;][et_pb_slide _builder_version=&#8221;4.7.7&#8243; _module_preset=&#8221;default&#8221; background_enable_color=&#8221;off&#8221; background_image=&#8221;https:\/\/bosvikgartneri.no\/wp-content\/uploads\/2021\/01\/004_2.jpg&#8221; background_enable_image=&#8221;on&#8221; custom_padding=&#8221;250px||||false|false&#8221; sticky_transition=&#8221;on&#8221;][\/et_pb_slide][et_pb_slide _builder_version=&#8221;4.7.7&#8243; _module_preset=&#8221;default&#8221; background_enable_color=&#8221;off&#8221; background_image=&#8221;https:\/\/bosvikgartneri.no\/wp-content\/uploads\/2021\/01\/005_2.jpg&#8221; background_enable_image=&#8221;on&#8221; custom_padding=&#8221;250px||||false|false&#8221; sticky_transition=&#8221;on&#8221;][\/et_pb_slide][et_pb_slide _builder_version=&#8221;4.7.7&#8243; _module_preset=&#8221;default&#8221; background_enable_color=&#8221;off&#8221; background_image=&#8221;https:\/\/bosvikgartneri.no\/wp-content\/uploads\/2021\/01\/006.jpg&#8221; background_enable_image=&#8221;on&#8221; custom_padding=&#8221;250px||||false|false&#8221; sticky_transition=&#8221;on&#8221;][\/et_pb_slide][et_pb_slide _builder_version=&#8221;4.7.7&#8243; _module_preset=&#8221;default&#8221; background_enable_color=&#8221;off&#8221; background_image=&#8221;https:\/\/bosvikgartneri.no\/wp-content\/uploads\/2021\/01\/007_2.jpg&#8221; background_enable_image=&#8221;on&#8221; custom_padding=&#8221;250px||||false|false&#8221; sticky_transition=&#8221;on&#8221;][\/et_pb_slide][et_pb_slide _builder_version=&#8221;4.7.7&#8243; _module_preset=&#8221;default&#8221; background_enable_color=&#8221;off&#8221; background_image=&#8221;https:\/\/bosvikgartneri.no\/wp-content\/uploads\/2021\/01\/030.jpg&#8221; background_enable_image=&#8221;on&#8221; custom_padding=&#8221;250px||||false|false&#8221; sticky_transition=&#8221;on&#8221;][\/et_pb_slide][et_pb_slide _builder_version=&#8221;4.7.7&#8243; _module_preset=&#8221;default&#8221; background_enable_color=&#8221;off&#8221; background_image=&#8221;https:\/\/bosvikgartneri.no\/wp-content\/uploads\/2021\/01\/033.jpg&#8221; background_enable_image=&#8221;on&#8221; custom_padding=&#8221;250px||||false|false&#8221; sticky_transition=&#8221;on&#8221;][\/et_pb_slide][et_pb_slide _builder_version=&#8221;4.7.7&#8243; _module_preset=&#8221;default&#8221; background_enable_color=&#8221;off&#8221; background_image=&#8221;https:\/\/bosvikgartneri.no\/wp-content\/uploads\/2021\/01\/035_2.jpg&#8221; background_enable_image=&#8221;on&#8221; custom_padding=&#8221;250px||||false|false&#8221; sticky_transition=&#8221;on&#8221;][\/et_pb_slide][et_pb_slide _builder_version=&#8221;4.7.7&#8243; _module_preset=&#8221;default&#8221; background_enable_color=&#8221;off&#8221; background_image=&#8221;https:\/\/bosvikgartneri.no\/wp-content\/uploads\/2021\/01\/038.jpg&#8221; background_enable_image=&#8221;on&#8221; custom_padding=&#8221;250px||||false|false&#8221; sticky_transition=&#8221;on&#8221;][\/et_pb_slide][et_pb_slide _builder_version=&#8221;4.7.7&#8243; _module_preset=&#8221;default&#8221; background_enable_color=&#8221;off&#8221; background_image=&#8221;https:\/\/bosvikgartneri.no\/wp-content\/uploads\/2021\/01\/046.jpg&#8221; background_enable_image=&#8221;on&#8221; custom_padding=&#8221;250px||||false|false&#8221; sticky_transition=&#8221;on&#8221;][\/et_pb_slide][et_pb_slide _builder_version=&#8221;4.7.7&#8243; _module_preset=&#8221;default&#8221; background_enable_color=&#8221;off&#8221; background_image=&#8221;https:\/\/bosvikgartneri.no\/wp-content\/uploads\/2021\/01\/050.jpg&#8221; background_enable_image=&#8221;on&#8221; custom_padding=&#8221;250px||||false|false&#8221; sticky_transition=&#8221;on&#8221;][\/et_pb_slide][et_pb_slide _builder_version=&#8221;4.7.7&#8243; _module_preset=&#8221;default&#8221; background_enable_color=&#8221;off&#8221; background_image=&#8221;https:\/\/bosvikgartneri.no\/wp-content\/uploads\/2021\/01\/052.jpg&#8221; background_enable_image=&#8221;on&#8221; custom_padding=&#8221;250px||||false|false&#8221; sticky_transition=&#8221;on&#8221;][\/et_pb_slide][et_pb_slide _builder_version=&#8221;4.7.7&#8243; _module_preset=&#8221;default&#8221; background_enable_color=&#8221;off&#8221; background_image=&#8221;https:\/\/bosvikgartneri.no\/wp-content\/uploads\/2021\/01\/055.jpg&#8221; background_enable_image=&#8221;on&#8221; custom_padding=&#8221;250px||||false|false&#8221; sticky_transition=&#8221;on&#8221;][\/et_pb_slide][\/et_pb_slider][\/et_pb_column][\/et_pb_row][et_pb_row _builder_version=&#8221;4.7.7&#8243; _module_preset=&#8221;default&#8221;][et_pb_column type=&#8221;4_4&#8243; _builder_version=&#8221;4.7.7&#8243; _module_preset=&#8221;default&#8221;][et_pb_text _builder_version=&#8221;4.7.7&#8243; _module_preset=&#8221;default&#8221; text_text_color=&#8221;#000000&#8243; text_font_size=&#8221;40px&#8221; text_line_height=&#8221;1.8em&#8221; background_color=&#8221;rgba(255,255,255,0.61)&#8221; text_orientation=&#8221;center&#8221; height=&#8221;100px&#8221; custom_margin=&#8221;-153px||||false|false&#8221; custom_padding=&#8221;|30px||30px|false|true&#8221; text_font_size_tablet=&#8221;30px&#8221; text_font_size_phone=&#8221;20px&#8221; text_font_size_last_edited=&#8221;on|phone&#8221;]<\/p>\n<p><span>Velkommen til Bosvik Gartneri AS.\u00a0<\/span><\/p>\n<p>[\/et_pb_text][et_pb_text _builder_version=&#8221;4.7.7&#8243; _module_preset=&#8221;default&#8221; text_font_size=&#8221;20px&#8221; text_orientation=&#8221;center&#8221; text_font_size_tablet=&#8221;&#8221; text_font_size_phone=&#8221;14px&#8221; text_font_size_last_edited=&#8221;on|phone&#8221;]<\/p>\n<p><span>Gjerne bes\u00f8k v\u00e5r nettbutikk for \u00e5 se v\u00e5rt assortiment. Logg inn med: Brukernavn: demo, Passord: demo<\/span><\/p>\n<p>[\/et_pb_text][\/et_pb_column][\/et_pb_row][et_pb_row column_structure=&#8221;1_3,1_3,1_3&#8243; use_custom_gutter=&#8221;on&#8221; gutter_width=&#8221;2&#8243; make_equal=&#8221;on&#8221; _builder_version=&#8221;4.7.7&#8243; _module_preset=&#8221;default&#8221;][et_pb_column type=&#8221;1_3&#8243; _builder_version=&#8221;4.7.7&#8243; _module_preset=&#8221;default&#8221;][et_pb_text _builder_version=&#8221;4.7.7&#8243; _module_preset=&#8221;default&#8221; text_font=&#8221;|600|||||||&#8221; text_text_color=&#8221;#ffffff&#8221; text_font_size=&#8221;16px&#8221; background_color=&#8221;#fc854b&#8221; module_alignment=&#8221;center&#8221; custom_margin=&#8221;0px||0px||true|false&#8221; custom_padding=&#8221;0px||0px|10px|true|false&#8221; border_radii=&#8221;on|4px|4px|4px|4px&#8221;]<\/p>\n<p>Nettbutikk &#8211; Kundeinnlogging<\/p>\n<p>[\/et_pb_text][et_pb_code _builder_version=&#8221;4.8.2&#8243; _module_preset=&#8221;default&#8221; background_color=&#8221;#d6d6d6&#8243; text_orientation=&#8221;left&#8221; width=&#8221;100%&#8221; max_width=&#8221;100%&#8221; module_alignment=&#8221;left&#8221; custom_padding=&#8221;|||20px|false|false&#8221; hover_enabled=&#8221;0&#8243; sticky_enabled=&#8221;0&#8243;]<!-- [et_pb_line_break_holder] --><\/p>\n<form runat=\"server\" action=\"https:\/\/alfapro.shop\/BosvikGartneri\/login.aspx\" method=\"post\"><!-- [et_pb_line_break_holder] --><!-- [et_pb_line_break_holder] -->\t<\/p>\n<div style=\"text-align:left; padding:5px 0;\"><!-- [et_pb_line_break_holder] -->\t\tBrukernavn: <!\u2013- [et_pb_br_holder] -\u2013><input type=\"text\" runat=\"server\" id=\"u1\" name=\"u1\" class=\"loginarea\" value=\"\" \/><!\u2013- [et_pb_br_holder] -\u2013><!-- [et_pb_line_break_holder] -->\t\tPassord: <!\u2013- [et_pb_br_holder] -\u2013><input type=\"password\" runat=\"server\" id=\"p1\" name=\"p1\" class=\"loginarea\" value=\"\" \/><!\u2013- [et_pb_br_holder] -\u2013><!-- [et_pb_line_break_holder] -->\t\t<input type=\"hidden\" runat=\"server\" id=\"c1\" name=\"c1\" value=\"nn-NO\" \/><!\u2013- [et_pb_br_holder] -\u2013><!-- [et_pb_line_break_holder] -->\t\t<input type=\"hidden\" runat=\"server\" id=\"v1\" name=\"v1\" value=\"desktop\" \/><!\u2013- [et_pb_br_holder] -\u2013><!-- [et_pb_line_break_holder] -->\t\t<INPUT type=\"submit\"  class=\"login_butt\" value=\"Logg inn\"><!-- [et_pb_line_break_holder] -->\t\t<!-- [et_pb_line_break_holder] --><\/div>\n<p><!-- [et_pb_line_break_holder] -->\t\t<\/form>\n<p>[\/et_pb_code][\/et_pb_column][et_pb_column type=&#8221;1_3&#8243; _builder_version=&#8221;4.7.7&#8243; _module_preset=&#8221;default&#8221; background_color=&#8221;#d6d6d6&#8243;][et_pb_text _builder_version=&#8221;4.7.7&#8243; _module_preset=&#8221;default&#8221; text_font=&#8221;|600|||||||&#8221; text_text_color=&#8221;#ffffff&#8221; text_font_size=&#8221;16px&#8221; background_color=&#8221;#fc854b&#8221; module_alignment=&#8221;center&#8221; custom_margin=&#8221;0px||0px||true|false&#8221; custom_padding=&#8221;0px||0px|10px|true|false&#8221; border_radii=&#8221;on|4px|4px|4px|4px&#8221;]<\/p>\n<p>Om oss<\/p>\n<p>[\/et_pb_text][et_pb_blurb image=&#8221;https:\/\/bosvikgartneri.no\/wp-content\/uploads\/2021\/01\/bosvik_gartneri_JPEG-bilde-1.jpg&#8221; _builder_version=&#8221;4.7.7&#8243; _module_preset=&#8221;default&#8221; custom_margin=&#8221;0px||||false|false&#8221; custom_padding=&#8221;0px||||false|false&#8221;]<\/p>\n<p>Bosvik Gartneri er leverand\u00f8r av planter, snittblomster og forbruksvarer til blomsterbransjen. Vi holder til i Bossvika i Ris\u00f8r kommune.<\/p>\n<p>[\/et_pb_blurb][et_pb_button button_url=&#8221;@ET-DC@eyJkeW5hbWljIjp0cnVlLCJjb250ZW50IjoicG9zdF9saW5rX3VybF9wYWdlIiwic2V0dGluZ3MiOnsicG9zdF9pZCI6IjY3In19@&#8221; button_text=&#8221;Les mer&#8221; button_alignment=&#8221;right&#8221; _builder_version=&#8221;4.7.7&#8243; _dynamic_attributes=&#8221;button_url&#8221; _module_preset=&#8221;default&#8221; custom_button=&#8221;on&#8221; button_text_size=&#8221;10px&#8221; button_text_color=&#8221;#ffffff&#8221; button_bg_color=&#8221;#fc854b&#8221; button_border_width=&#8221;0px&#8221; positioning=&#8221;absolute&#8221; position_origin_a=&#8221;bottom_right&#8221; position_origin_a_tablet=&#8221;&#8221; position_origin_a_phone=&#8221;&#8221; position_origin_a_last_edited=&#8221;on|phone&#8221; position_origin_f_tablet=&#8221;&#8221; position_origin_f_phone=&#8221;&#8221; position_origin_f_last_edited=&#8221;on|desktop&#8221; position_origin_r_tablet=&#8221;&#8221; position_origin_r_phone=&#8221;&#8221; position_origin_r_last_edited=&#8221;on|desktop&#8221; positioning_tablet=&#8221;&#8221; positioning_phone=&#8221;&#8221; positioning_last_edited=&#8221;on|desktop&#8221;][\/et_pb_button][\/et_pb_column][et_pb_column type=&#8221;1_3&#8243; _builder_version=&#8221;4.7.7&#8243; _module_preset=&#8221;default&#8221; background_color=&#8221;#d6d6d6&#8243;][et_pb_text _builder_version=&#8221;4.7.7&#8243; _module_preset=&#8221;default&#8221; text_font=&#8221;|600|||||||&#8221; text_text_color=&#8221;#ffffff&#8221; text_font_size=&#8221;16px&#8221; background_color=&#8221;#fc854b&#8221; module_alignment=&#8221;center&#8221; custom_margin=&#8221;0px||0px||true|false&#8221; custom_padding=&#8221;0px||0px|10px|true|false&#8221; border_radii=&#8221;on|4px|4px|4px|4px&#8221;]<\/p>\n<p>Kontakt oss<\/p>\n<p>[\/et_pb_text][et_pb_blurb image=&#8221;https:\/\/bosvikgartneri.no\/wp-content\/uploads\/2021\/01\/393_2.jpg&#8221; _builder_version=&#8221;4.7.7&#8243; _module_preset=&#8221;default&#8221; custom_margin=&#8221;0px||||false|false&#8221; custom_padding=&#8221;0px||||false|false&#8221;]<\/p>\n<p>Bosvik Gartneri AS, Ris\u00f8rveien 583, 4950 Ris\u00f8r E-post:<span>\u00a0<\/span><a href=\"mailto:post@bosvikgartneri.no\">post@bosvikgartneri.no<\/a><\/p>\n<p>[\/et_pb_blurb][et_pb_button button_url=&#8221;@ET-DC@eyJkeW5hbWljIjp0cnVlLCJjb250ZW50IjoicG9zdF9saW5rX3VybF9wYWdlIiwic2V0dGluZ3MiOnsicG9zdF9pZCI6IjczIn19@&#8221; button_text=&#8221;Les mer&#8221; button_alignment=&#8221;right&#8221; _builder_version=&#8221;4.7.7&#8243; _dynamic_attributes=&#8221;button_url&#8221; _module_preset=&#8221;default&#8221; custom_button=&#8221;on&#8221; button_text_size=&#8221;10px&#8221; button_text_color=&#8221;#ffffff&#8221; button_bg_color=&#8221;#fc854b&#8221; button_border_width=&#8221;0px&#8221; positioning=&#8221;absolute&#8221; position_origin_a=&#8221;bottom_right&#8221; position_origin_a_tablet=&#8221;&#8221; position_origin_a_phone=&#8221;&#8221; position_origin_a_last_edited=&#8221;on|desktop&#8221; position_origin_f_tablet=&#8221;&#8221; position_origin_f_phone=&#8221;&#8221; position_origin_f_last_edited=&#8221;on|desktop&#8221; position_origin_r_tablet=&#8221;&#8221; position_origin_r_phone=&#8221;&#8221; position_origin_r_last_edited=&#8221;on|desktop&#8221; positioning_tablet=&#8221;&#8221; positioning_phone=&#8221;&#8221; positioning_last_edited=&#8221;on|desktop&#8221;][\/et_pb_button][\/et_pb_column][\/et_pb_row][\/et_pb_section]<\/p>\n","protected":false},"excerpt":{"rendered":"<p>Velkommen til Bosvik Gartneri AS.\u00a0Gjerne bes\u00f8k v\u00e5r nettbutikk for \u00e5 se v\u00e5rt assortiment. Logg inn med: Brukernavn: demo, Passord: demoNettbutikk &#8211; KundeinnloggingOm ossBosvik Gartneri er leverand\u00f8r av planter, snittblomster og forbruksvarer til blomsterbransjen. Vi holder til i Bossvika i Ris\u00f8r kommune.Kontakt ossBosvik Gartneri AS, Ris\u00f8rveien 583, 4950 Ris\u00f8r E-post:\u00a0post@bosvikgartneri.no<\/p>\n","protected":false},"author":1,"featured_media":0,"parent":0,"menu_order":0,"comment_status":"closed","ping_status":"closed","template":"","meta":{"_et_pb_use_builder":"on","_et_pb_old_content":"","_et_gb_content_width":"","footnotes":""},"class_list":["post-9","page","type-page","status-publish","hentry"],"_links":{"self":[{"href":"https:\/\/bosvikgartneri.no\/index.php\/wp-json\/wp\/v2\/pages\/9","targetHints":{"allow":["GET"]}}],"collection":[{"href":"https:\/\/bosvikgartneri.no\/index.php\/wp-json\/wp\/v2\/pages"}],"about":[{"href":"https:\/\/bosvikgartneri.no\/index.php\/wp-json\/wp\/v2\/types\/page"}],"author":[{"embeddable":true,"href":"https:\/\/bosvikgartneri.no\/index.php\/wp-json\/wp\/v2\/users\/1"}],"replies":[{"embeddable":true,"href":"https:\/\/bosvikgartneri.no\/index.php\/wp-json\/wp\/v2\/comments?post=9"}],"version-history":[{"count":0,"href":"https:\/\/bosvikgartneri.no\/index.php\/wp-json\/wp\/v2\/pages\/9\/revisions"}],"wp:attachment":[{"href":"https:\/\/bosvikgartneri.no\/index.php\/wp-json\/wp\/v2\/media?parent=9"}],"curies":[{"name":"wp","href":"https:\/\/api.w.org\/{rel}","templated":true}]}}